{"id":9,"date":"2022-05-30T13:04:08","date_gmt":"2022-05-30T11:04:08","guid":{"rendered":"https:\/\/www.zrin.cf\/?page_id=9"},"modified":"2022-12-03T18:48:50","modified_gmt":"2022-12-03T17:48:50","slug":"home","status":"publish","type":"page","link":"https:\/\/zrin-institut.hr\/","title":{"rendered":"Home"},"content":{"rendered":"\n<h1 class=\"wp-block-heading\">ZRIN<\/h1>\n\n\n\n<p>Zrin je neprofitna, nevladina i nestrana\u010dka udruga gra\u0111ana koju \u010dine neovisni stru\u010dnjaci iz akademskog i poslovnog svijeta. <\/p>\n\n\n\n<p>Na\u0161a misija je istra\u017eivati i predlagati javne politike te njihov u\u010dinak na pobolj\u0161anje \u017eivotnih i gospodarskih uvjeta u Republici Hrvatskoj poticanjem njenog razvoja u gospodarskim i dru\u0161tvenim aspektima prvenstveno kroz pove\u0107anje u\u010dinkovitosti dr\u017eave, borbu protiv korupcije i slu\u0161anje glasa naroda.<\/p>\n\n\n\n<div class=\"wp-block-buttons is-content-justification-center is-layout-flex wp-container-core-buttons-is-layout-16018d1d wp-block-buttons-is-layout-flex\">\n<div class=\"wp-block-button is-style-primary\"><a class=\"wp-block-button__link wp-element-button\" href=\"https:\/\/www.zrin-institut.hr\/index.php\/about\/\">Vi\u0161e o nama<\/a><\/div>\n\n\n\n<div class=\"wp-block-button is-style-default\"><a class=\"wp-block-button__link has-nv-c-2-background-color has-background wp-element-button\" href=\"https:\/\/www.zrin-institut.hr\/index.php\/statut\/\">     Statut     <\/a><\/div>\n\n\n\n<div class=\"wp-block-button\"><a class=\"wp-block-button__link wp-element-button\" href=\"https:\/\/www.zrin-institut.hr\/index.php\/pristupnica\/\">Pristupnica<\/a><\/div>\n<\/div>\n\n\n\n<p><\/p>\n\n\n\n<figure class=\"wp-block-image alignfull size-large\"><img loading=\"lazy\" decoding=\"async\" width=\"1024\" height=\"207\" src=\"https:\/\/www.zrin-institut.hr\/wp-content\/uploads\/2022\/06\/Untitled-2-1024x207.png\" alt=\"ZRIN slika\" class=\"wp-image-152\" srcset=\"https:\/\/zrin-institut.hr\/wp-content\/uploads\/2022\/06\/Untitled-2-1024x207.png 1024w, https:\/\/zrin-institut.hr\/wp-content\/uploads\/2022\/06\/Untitled-2-300x61.png 300w, https:\/\/zrin-institut.hr\/wp-content\/uploads\/2022\/06\/Untitled-2-768x155.png 768w, https:\/\/zrin-institut.hr\/wp-content\/uploads\/2022\/06\/Untitled-2.png 1146w\" sizes=\"auto, (max-width: 1024px) 100vw, 1024px\" \/><\/figure>\n\n\n\n<hr class=\"wp-block-separator has-alpha-channel-opacity\"\/>\n\n\n<ul class=\"wp-block-latest-posts__list wp-block-latest-posts\"><li><a class=\"wp-block-latest-posts__post-title\" href=\"https:\/\/zrin-institut.hr\/index.php\/2024\/05\/14\/energetski-forum-interenef\/\">Energetski Forum &#8211; INTERENEF<\/a><\/li>\n<li><a class=\"wp-block-latest-posts__post-title\" href=\"https:\/\/zrin-institut.hr\/index.php\/2023\/11\/16\/zrin-konferencija-o-informacijskoj-sigurnosti\/\">ZRIN konferencija o informacijskoj sigurnosti<\/a><\/li>\n<li><a class=\"wp-block-latest-posts__post-title\" href=\"https:\/\/zrin-institut.hr\/index.php\/2023\/10\/29\/predavanje-zrin-a-na-elsa-annual-human-rights-campaign\/\">Predavanje ZRIN-a na godi\u0161njoj kampanji ELSA-e<\/a><\/li>\n<li><a class=\"wp-block-latest-posts__post-title\" href=\"https:\/\/zrin-institut.hr\/index.php\/2023\/05\/24\/izgaganje-zrin-na-mipro-konferenciji\/\">Izlaganje ZRIN na MIPRO konferenciji<\/a><\/li>\n<li><a class=\"wp-block-latest-posts__post-title\" href=\"https:\/\/zrin-institut.hr\/index.php\/2023\/02\/02\/odluka-o-visini-clanariname\/\">Odluka o visini \u010dlanarine<\/a><\/li>\n<\/ul>\n\n\n<p><\/p>\n\n\n\n<div class=\"wp-block-cover alignfull\" style=\"min-height:420px;aspect-ratio:unset;\"><span aria-hidden=\"true\" class=\"wp-block-cover__background has-nv-light-bg-background-color has-background-dim-100 has-background-dim\"><\/span><div class=\"wp-block-cover__inner-container is-layout-flow wp-block-cover-is-layout-flow\">\n<div style=\"height:80px\" aria-hidden=\"true\" class=\"wp-block-spacer\"><\/div>\n\n\n\n<div class=\"wp-block-columns is-layout-flex wp-container-core-columns-is-layout-9d6595d7 wp-block-columns-is-layout-flex\">\n<div class=\"wp-block-column is-layout-flow wp-block-column-is-layout-flow\">\n<figure class=\"wp-block-image size-full is-resized is-style-rounded\"><img loading=\"lazy\" decoding=\"async\" src=\"https:\/\/www.zrin-institut.hr\/wp-content\/uploads\/2022\/06\/Damir_bez_kravate_2019-2-Copy.jpg\" alt=\"Damir Van\u0111eli\u0107\" class=\"wp-image-113\" width=\"228\" height=\"223\"\/><\/figure>\n\n\n\n<p class=\"has-text-align-left has-neve-text-color-color has-text-color has-normal-font-size\">\u201cHrvatska ima<strong> sistemski problem<\/strong> koji zahtjeva sveobuhvatno i dugoro\u010dno strate\u0161ko rje\u0161enje u svim aspektima klju\u010dnih javnih politika. <\/p>\n\n\n\n<p class=\"has-text-align-left has-neve-text-color-color has-text-color has-normal-font-size\">Moramo zajedno i uklju\u010duju\u0107i sve gra\u0111ane <strong>revidirati na\u0161u dru\u0161tvenu paradigmu<\/strong> i znatno <strong>pobolj\u0161ati na\u0161e politi\u010dke i ekonomske institucije<\/strong> kako bismo ostvarili:<br><strong>&#8211; ekonomski napredak,<br>&#8211; dru\u0161tveni napredak,<br>&#8211; odr\u017eivost Republike Hrvatske<\/strong>.\u201d<\/p>\n\n\n\n<p class=\"has-neve-text-color-color has-text-color\">Damir Van\u0111eli\u0107<\/p>\n\n\n\n<div style=\"height:20px\" aria-hidden=\"true\" class=\"wp-block-spacer\"><\/div>\n<\/div>\n\n\n\n<div class=\"wp-block-column is-layout-flow wp-block-column-is-layout-flow\">\n<figure class=\"wp-block-image size-large is-resized is-style-rounded\"><img loading=\"lazy\" decoding=\"async\" src=\"https:\/\/www.zrin-institut.hr\/wp-content\/uploads\/2022\/06\/marin-strmota_objava-954x1024.jpg\" alt=\"Marin Strmota\" class=\"wp-image-118\" width=\"216\" height=\"231\" srcset=\"https:\/\/zrin-institut.hr\/wp-content\/uploads\/2022\/06\/marin-strmota_objava-954x1024.jpg 954w, https:\/\/zrin-institut.hr\/wp-content\/uploads\/2022\/06\/marin-strmota_objava-279x300.jpg 279w, https:\/\/zrin-institut.hr\/wp-content\/uploads\/2022\/06\/marin-strmota_objava-768x824.jpg 768w, https:\/\/zrin-institut.hr\/wp-content\/uploads\/2022\/06\/marin-strmota_objava-1431x1536.jpg 1431w, https:\/\/zrin-institut.hr\/wp-content\/uploads\/2022\/06\/marin-strmota_objava-1908x2048.jpg 1908w\" sizes=\"auto, (max-width: 216px) 100vw, 216px\" \/><\/figure>\n\n\n\n<p class=\"has-text-align-left has-neve-text-color-color has-text-color has-normal-font-size\">\u201cSustav me\u0111ugeneracijske solidarnosti je naru\u0161en omjerom od 1.2 zaposlena na 1 umirovljenika te je demografija klju\u010dno ekonomsko pitanje Hrvatske.\u201d<\/p>\n\n\n\n<p class=\"has-neve-text-color-color has-text-color\">Marin Strmota<\/p>\n\n\n\n<div style=\"height:20px\" aria-hidden=\"true\" class=\"wp-block-spacer\"><\/div>\n<\/div>\n\n\n\n<div class=\"wp-block-column is-layout-flow wp-block-column-is-layout-flow\">\n<figure class=\"wp-block-image size-full is-resized is-style-rounded\"><img loading=\"lazy\" decoding=\"async\" src=\"https:\/\/www.zrin-institut.hr\/wp-content\/uploads\/2022\/06\/vedrana-pribicevic-5.jpg\" alt=\"Vedrana Pribi\u010devi\u0107\" class=\"wp-image-115\" width=\"240\" height=\"240\" srcset=\"https:\/\/zrin-institut.hr\/wp-content\/uploads\/2022\/06\/vedrana-pribicevic-5.jpg 206w, https:\/\/zrin-institut.hr\/wp-content\/uploads\/2022\/06\/vedrana-pribicevic-5-150x150.jpg 150w\" sizes=\"auto, (max-width: 240px) 100vw, 240px\" \/><\/figure>\n\n\n\n<p class=\"has-text-align-left has-neve-text-color-color has-text-color has-normal-font-size\">\u201cHrvatskoj trebaju visoke, odrzive stope ekonomskog rasta koji obuhvaca najsire drustvene slojeve. Konvergencija Hrvatske EU mora biti ultimativni cilj. Gradnja inkluzivnih ekonomskih institucija glavni je preduvjet za to oko cega se mogu sloziti svi razumni pojedinci, neovisno o ideoloskom opredjeljenju.\u201d<\/p>\n\n\n\n<p class=\"has-neve-text-color-color has-text-color\">Vedrana Pribi\u010devi\u0107<\/p>\n\n\n\n<div style=\"height:20px\" aria-hidden=\"true\" class=\"wp-block-spacer\"><\/div>\n<\/div>\n<\/div>\n\n\n\n<div style=\"height:30px\" aria-hidden=\"true\" class=\"wp-block-spacer\"><\/div>\n<\/div><\/div>\n\n\n\n<div class=\"wp-block-buttons is-layout-flex wp-block-buttons-is-layout-flex\"><\/div>\n\n\n\n<p><\/p>\n\n\n\n<p><\/p>\n","protected":false},"excerpt":{"rendered":"<p>ZRIN Zrin je neprofitna, nevladina i nestrana\u010dka udruga gra\u0111ana koju \u010dine neovisni stru\u010dnjaci iz akademskog i poslovnog svijeta. Na\u0161a misija je istra\u017eivati i predlagati javne politike te njihov u\u010dinak na pobolj\u0161anje \u017eivotnih i gospodarskih uvjeta u Republici Hrvatskoj poticanjem njenog razvoja u gospodarskim i dru\u0161tvenim aspektima prvenstveno kroz pove\u0107anje u\u010dinkovitosti dr\u017eave, borbu protiv korupcije i&hellip;&nbsp;<a href=\"https:\/\/zrin-institut.hr\/\" rel=\"bookmark\">Read More &raquo;<span class=\"screen-reader-text\">Home<\/span><\/a><\/p>\n","protected":false},"author":1,"featured_media":172,"parent":0,"menu_order":0,"comment_status":"closed","ping_status":"closed","template":"","meta":{"neve_meta_sidebar":"","neve_meta_container":"","neve_meta_enable_content_width":"on","neve_meta_content_width":100,"neve_meta_title_alignment":"","neve_meta_author_avatar":"","neve_post_elements_order":"","neve_meta_disable_header":"","neve_meta_disable_footer":"","neve_meta_disable_title":"on","_mc_calendar":[],"footnotes":""},"class_list":["post-9","page","type-page","status-publish","has-post-thumbnail","hentry"],"aioseo_notices":[],"_links":{"self":[{"href":"https:\/\/zrin-institut.hr\/index.php\/wp-json\/wp\/v2\/pages\/9","targetHints":{"allow":["GET"]}}],"collection":[{"href":"https:\/\/zrin-institut.hr\/index.php\/wp-json\/wp\/v2\/pages"}],"about":[{"href":"https:\/\/zrin-institut.hr\/index.php\/wp-json\/wp\/v2\/types\/page"}],"author":[{"embeddable":true,"href":"https:\/\/zrin-institut.hr\/index.php\/wp-json\/wp\/v2\/users\/1"}],"replies":[{"embeddable":true,"href":"https:\/\/zrin-institut.hr\/index.php\/wp-json\/wp\/v2\/comments?post=9"}],"version-history":[{"count":32,"href":"https:\/\/zrin-institut.hr\/index.php\/wp-json\/wp\/v2\/pages\/9\/revisions"}],"predecessor-version":[{"id":314,"href":"https:\/\/zrin-institut.hr\/index.php\/wp-json\/wp\/v2\/pages\/9\/revisions\/314"}],"wp:featuredmedia":[{"embeddable":true,"href":"https:\/\/zrin-institut.hr\/index.php\/wp-json\/wp\/v2\/media\/172"}],"wp:attachment":[{"href":"https:\/\/zrin-institut.hr\/index.php\/wp-json\/wp\/v2\/media?parent=9"}],"curies":[{"name":"wp","href":"https:\/\/api.w.org\/{rel}","templated":true}]}}