{"id":44,"date":"2022-05-31T14:18:57","date_gmt":"2022-05-31T12:18:57","guid":{"rendered":"https:\/\/www.zrin.cf\/?page_id=44"},"modified":"2023-03-03T07:45:17","modified_gmt":"2023-03-03T06:45:17","slug":"pristupnica","status":"publish","type":"page","link":"https:\/\/zrin-institut.hr\/index.php\/pristupnica\/","title":{"rendered":"Pristupnica"},"content":{"rendered":"\n<div class=\"forminator-guttenberg\"><div class=\"forminator-ui forminator-custom-form forminator-custom-form-43 forminator-design--default  \" data-forminator-render=\"0\" data-form=\"forminator-module-43\" data-uid=\"69d98340bca75\"><br\/><\/div><form\n\t\t\t\tid=\"forminator-module-43\"\n\t\t\t\tclass=\"forminator-ui forminator-custom-form forminator-custom-form-43 forminator-design--default  \"\n\t\t\t\tmethod=\"post\"\n\t\t\t\tdata-forminator-render=\"0\"\n\t\t\t\tdata-form-id=\"43\"\n\t\t\t\tenctype=\"multipart\/form-data\" data-color-option=\"default\" data-design=\"default\" data-grid=\"open\" style=\"display: none;\"\n\t\t\t\tdata-uid=\"69d98340bca75\"\n\t\t\t><div role=\"alert\" aria-live=\"polite\" class=\"forminator-response-message forminator-error\" aria-hidden=\"true\"><\/div><div class=\"forminator-row\"><div id=\"name-1\" class=\"forminator-field-name forminator-col forminator-col-6 \"><div class=\"forminator-field\"><label for=\"forminator-field-name-1_69d98340bca75\" id=\"forminator-field-name-1_69d98340bca75-label\" class=\"forminator-label\">Ime i prezime <span class=\"forminator-required\">*<\/span><\/label><input type=\"text\" name=\"name-1\" value=\"\" placeholder=\"\" id=\"forminator-field-name-1_69d98340bca75\" class=\"forminator-input forminator-name--field\" aria-required=\"true\" autocomplete=\"name\" \/><\/div><\/div><div id=\"text-1\" class=\"forminator-field-text forminator-col forminator-col-6 \"><div class=\"forminator-field\"><label for=\"forminator-field-text-1_69d98340bca75\" id=\"forminator-field-text-1_69d98340bca75-label\" class=\"forminator-label\">OIB\/porezni broj (tvrtke) <span class=\"forminator-required\">*<\/span><\/label><input type=\"text\" name=\"text-1\" value=\"\" placeholder=\"\" id=\"forminator-field-text-1_69d98340bca75\" class=\"forminator-input forminator-name--field\" data-required=\"1\" \/><\/div><\/div><\/div><div class=\"forminator-row\"><div id=\"email-1\" class=\"forminator-field-email forminator-col forminator-col-6 \"><div class=\"forminator-field\"><label for=\"forminator-field-email-1_69d98340bca75\" id=\"forminator-field-email-1_69d98340bca75-label\" class=\"forminator-label\">e-adresa <span class=\"forminator-required\">*<\/span><\/label><input type=\"email\" name=\"email-1\" value=\"\" placeholder=\"\" id=\"forminator-field-email-1_69d98340bca75\" class=\"forminator-input forminator-email--field\" data-required=\"1\" aria-required=\"true\" autocomplete=\"email\" \/><\/div><\/div><div id=\"phone-1\" class=\"forminator-field-phone forminator-col forminator-col-6 \"><div class=\"forminator-field\"><label for=\"forminator-field-phone-1_69d98340bca75\" id=\"forminator-field-phone-1_69d98340bca75-label\" class=\"forminator-label\">Broj mobitela ili telefona <span class=\"forminator-required\">*<\/span><\/label><input type=\"text\" name=\"phone-1\" value=\"\" placeholder=\"\" id=\"forminator-field-phone-1_69d98340bca75\" class=\"forminator-input forminator-field--phone\" data-required=\"1\" aria-required=\"true\" autocomplete=\"off\" \/><\/div><\/div><\/div><div class=\"forminator-row\"><div id=\"date-1\" class=\"forminator-field-date forminator-col forminator-col-12 \"><div class=\"forminator-field\"><label for=\"forminator-field-date-1-picker_69d98340bca75\" id=\"forminator-field-date-1-picker_69d98340bca75-label\" class=\"forminator-label\">Datum ro\u0111enja <span class=\"forminator-required\">*<\/span><\/label><div class=\"forminator-input-with-icon\"><span class=\"forminator-icon-calendar\" aria-hidden=\"true\"><\/span><input autocomplete=\"off\" type=\"text\" size=\"1\" name=\"date-1\" value=\"\" placeholder=\"\" id=\"forminator-field-date-1-picker_69d98340bca75\" class=\"forminator-input forminator-datepicker\" data-required=\"1\" data-format=\"dd\/mm\/yy\" data-restrict-type=\"\" data-restrict=\"\" data-start-year=\"1926\" data-end-year=\"2126\" data-past-dates=\"enable\" data-start-of-week=\"1\" data-start-date=\"\" data-end-date=\"\" data-start-field=\"\" data-end-field=\"\" data-start-offset=\"\" data-end-offset=\"\" data-disable-date=\"\" data-disable-range=\"\" \/><\/div><\/div><\/div><\/div><div class=\"forminator-row\"><div id=\"address-1\" class=\"forminator-field-address forminator-col forminator-col-12 \"><div class=\"forminator-row\"><div id=\"address-1-street_address\" class=\"forminator-col\"><div class=\"forminator-field\"><label for=\"forminator-field-address-1-street_address_69d98340bca75\" id=\"forminator-field-address-1-street_address_69d98340bca75-label\" class=\"forminator-label\">Ulica i ku\u0107ni broj <span class=\"forminator-required\">*<\/span><\/label><input type=\"text\" name=\"address-1-street_address\" placeholder=\"\" id=\"forminator-field-address-1-street_address_69d98340bca75\" class=\"forminator-input\" data-required=\"1\" aria-required=\"true\" autocomplete=\"address-line1\" value=\"\" \/><\/div><\/div><\/div><div class=\"forminator-row\" data-multiple=\"false\"><div id=\"address-1-city\" class=\"forminator-col forminator-col-12\"><div class=\"forminator-field\"><label for=\"forminator-field-address-1-city_69d98340bca75\" id=\"forminator-field-address-1-city_69d98340bca75-label\" class=\"forminator-label\">Grad <span class=\"forminator-required\">*<\/span><\/label><input type=\"text\" name=\"address-1-city\" placeholder=\"\" id=\"forminator-field-address-1-city_69d98340bca75\" class=\"forminator-input\" data-required=\"1\" aria-required=\"true\" autocomplete=\"address-level2\" value=\"\" \/><\/div><\/div><\/div><\/div><\/div><div class=\"forminator-row\"><div id=\"upload-1\" class=\"forminator-field-upload forminator-col forminator-col-6 \"><div class=\"forminator-field\"><label for=\"forminator-field-upload-1_69d98340bca75\" id=\"forminator-field-upload-1_69d98340bca75-label\" class=\"forminator-label\">\u017divotopis <span class=\"forminator-required\">*<\/span><\/label><div class=\"forminator-file-upload \" data-element=\"upload-1_69d98340bca75\"><input type=\"file\" name=\"upload-1\" id=\"forminator-field-upload-1_69d98340bca75\" class=\"forminator-input-file-required do-validate\" accept=\".jpg,.jpeg,.jpe,.gif,.png,.bmp,.tiff,.tif,.webp,.ico,.heic,.asf,.asx,.wmv,.wmx,.wm,.avi,.divx,.flv,.mov,.qt,.mpeg,.mpg,.mpe,.mp4,.m4v,.ogv,.webm,.mkv,.3gp,.3gpp,.3g2,.3gp2,.txt,.asc,.c,.cc,.h,.srt,.csv,.tsv,.ics,.rtx,.vtt,.mp3,.m4a,.m4b,.aac,.ra,.ram,.wav,.ogg,.oga,.flac,.mid,.midi,.wma,.wax,.mka,.rtf,.pdf,.class,.tar,.zip,.gz,.gzip,.7z,.psd,.xcf,.doc,.pot,.pps,.ppt,.wri,.xla,.xls,.xlt,.xlw,.mdb,.mpp,.docx,.docm,.dotx,.dotm,.xlsx,.xlsm,.xlsb,.xltx,.xltm,.xlam,.pptx,.pptm,.ppsx,.ppsm,.potx,.potm,.ppam,.sldx,.sldm,.onetoc,.onetoc2,.onetmp,.onepkg,.oxps,.xps,.odt,.odp,.ods,.odg,.odc,.odb,.odf,.wp,.wpd,.key,.numbers,.pages\" tabindex=\"-1\"><button id=\"forminator-field-upload-1_69d98340bca75_button\" class=\"forminator-button forminator-button-upload\" data-id=\"forminator-field-upload-1_69d98340bca75\">Choose File<\/button><span data-empty-text=\"No file chosen\">No file chosen<\/span><button class=\"forminator-button-delete\" style=\"display: none;\"><i class=\"forminator-icon-close\" aria-hidden=\"true\"><\/i><span class=\"forminator-screen-reader-only\">Delete uploaded file<\/span><\/button><\/div><\/div><\/div><div id=\"select-1\" class=\"forminator-field-select forminator-col forminator-col-6 \"><div class=\"forminator-field\"><label for=\"forminator-form-43__field--select-1_69d98340bca75\" id=\"forminator-form-43__field--select-1_69d98340bca75-label\" class=\"forminator-label\">Kategorija \u010dlanstva <span class=\"forminator-required\">*<\/span><\/label><select  id=\"forminator-form-43__field--select-1_69d98340bca75\" class=\"forminator-select--field forminator-select2 forminator-select2-multiple\" data-required=\"1\" name=\"select-1\" data-default-value=\"\" data-placeholder=\"Odaberite kategoriju \u010dlanstva.\" data-search=\"true\" data-search-placeholder=\"Odaberite kategoriju \u010dlanstva.\" data-checkbox=\"false\" data-allow-clear=\"false\" aria-labelledby=\"forminator-form-43__field--select-1_69d98340bca75-label\"><option value=\"\"  >Odaberite kategoriju \u010dlanstva.<\/option><option value=\"redovni-\u010dlan-(\u010dlanarina-100-kn,-prava-i-obveze-\u010dl.-15-Statuta)\"  data-calculation=\"0\">redovni \u010dlan (\u010dlanarina 20 \u20ac, prava i obveze \u010dl. 15 Statuta)<\/option><option value=\"podupiru\u0107i-\u010dlan-(\u010dlanarina-min-100-kn,-prava-i-obveze-\u010dl.-16-Statuta)\"  data-calculation=\"0\">podupiru\u0107i \u010dlan (\u010dlanarina min 20 \u20ac, prava i obveze \u010dl. 16 Statuta)<\/option><option value=\"pridru\u017eeni-\u010dlan-(\u010dlanarina-0-kn,-prava-i-obveze-\u010dl.-17-Statuta)\"  data-calculation=\"0\">pridru\u017eeni \u010dlan (\u010dlanarina 0 \u20ac, prava i obveze \u010dl. 17 Statuta)<\/option><\/select><\/div><\/div><\/div><div class=\"forminator-row\"><div id=\"textarea-1\" class=\"forminator-field-textarea forminator-col forminator-col-12 \"><div class=\"forminator-field\"><label for=\"forminator-field-textarea-1_69d98340bca75\" id=\"forminator-field-textarea-1_69d98340bca75-label\" class=\"forminator-label\">Napomena<\/label><textarea name=\"textarea-1\" placeholder=\"\" id=\"forminator-field-textarea-1_69d98340bca75\" class=\"forminator-textarea\" rows=\"6\" style=\"min-height:140px;\" ><\/textarea><\/div><\/div><\/div><div class=\"forminator-row\"><div id=\"checkbox-1\" class=\"forminator-field-checkbox forminator-col forminator-col-12 \"><div role=\"group\" class=\"forminator-field required\" aria-labelledby=\"forminator-checkbox-group-forminator-field-checkbox-1-69d98340bca75-label\"><span id=\"forminator-checkbox-group-forminator-field-checkbox-1-69d98340bca75-label\" class=\"forminator-label\">GDPR <span class=\"forminator-required\">*<\/span><\/span><label id=\"forminator-field-checkbox-1-1-69d98340bca75-label\" for=\"forminator-field-checkbox-1-1-69d98340bca75\" class=\"forminator-checkbox\" title=\"Suglasan sam\"><input type=\"checkbox\" name=\"checkbox-1[]\" value=\"Suglasan-sam\" id=\"forminator-field-checkbox-1-1-69d98340bca75\" aria-labelledby=\"forminator-field-checkbox-1-1-69d98340bca75-label\" data-calculation=\"0\"   aria-describedby=\"forminator-field-checkbox-1-69d98340bca75-description\"\/><span class=\"forminator-checkbox-box\" aria-hidden=\"true\"><\/span><span class=\"forminator-checkbox-label\">Suglasan sam<\/span><\/label><span id=\"forminator-field-checkbox-1-69d98340bca75-description\" class=\"forminator-description\">- pro\u010ditao sam i prihva\u0107am Statut Zrina i razumijem svoja prava i obveze u skladu s odabranom kategorijom \u010dlanstva <br>- dajem suglasnost da se moji podaci obra\u0111uju u svrhu i za potrebe vo\u0111enja registra \u010dlanova udruge<\/span><\/div><\/div><\/div><input type=\"hidden\" name=\"referer_url\" value=\"\" \/><div class=\"forminator-row forminator-row-last\"><div class=\"forminator-col\"><div class=\"forminator-field\"><button class=\"forminator-button forminator-button-submit\">Po&scaron;alji!<\/button><\/div><\/div><\/div><input type=\"hidden\" id=\"forminator_nonce\" name=\"forminator_nonce\" value=\"ed879f2d91\" \/><input type=\"hidden\" name=\"_wp_http_referer\" value=\"\/index.php\/wp-json\/wp\/v2\/pages\/44\" \/><input type=\"hidden\" name=\"form_id\" value=\"43\"><input type=\"hidden\" name=\"page_id\" value=\"44\"><input type=\"hidden\" name=\"form_type\" value=\"default\"><input type=\"hidden\" name=\"current_url\" value=\"https:\/\/zrin-institut.hr\/index.php\/pristupnica\/\"><input type=\"hidden\" name=\"render_id\" value=\"0\"><input type=\"hidden\" name=\"action\" value=\"forminator_submit_form_custom-forms\"><\/form><\/div>\n\n\n\n<p><\/p>\n","protected":false},"excerpt":{"rendered":"","protected":false},"author":2,"featured_media":0,"parent":0,"menu_order":0,"comment_status":"closed","ping_status":"closed","template":"","meta":{"neve_meta_sidebar":"","neve_meta_container":"","neve_meta_enable_content_width":"","neve_meta_content_width":0,"neve_meta_title_alignment":"","neve_meta_author_avatar":"","neve_post_elements_order":"","neve_meta_disable_header":"","neve_meta_disable_footer":"","neve_meta_disable_title":"","_mc_calendar":[],"footnotes":""},"class_list":["post-44","page","type-page","status-publish","hentry"],"aioseo_notices":[],"_links":{"self":[{"href":"https:\/\/zrin-institut.hr\/index.php\/wp-json\/wp\/v2\/pages\/44","targetHints":{"allow":["GET"]}}],"collection":[{"href":"https:\/\/zrin-institut.hr\/index.php\/wp-json\/wp\/v2\/pages"}],"about":[{"href":"https:\/\/zrin-institut.hr\/index.php\/wp-json\/wp\/v2\/types\/page"}],"author":[{"embeddable":true,"href":"https:\/\/zrin-institut.hr\/index.php\/wp-json\/wp\/v2\/users\/2"}],"replies":[{"embeddable":true,"href":"https:\/\/zrin-institut.hr\/index.php\/wp-json\/wp\/v2\/comments?post=44"}],"version-history":[{"count":2,"href":"https:\/\/zrin-institut.hr\/index.php\/wp-json\/wp\/v2\/pages\/44\/revisions"}],"predecessor-version":[{"id":206,"href":"https:\/\/zrin-institut.hr\/index.php\/wp-json\/wp\/v2\/pages\/44\/revisions\/206"}],"wp:attachment":[{"href":"https:\/\/zrin-institut.hr\/index.php\/wp-json\/wp\/v2\/media?parent=44"}],"curies":[{"name":"wp","href":"https:\/\/api.w.org\/{rel}","templated":true}]}}